{"id":6714,"date":"2017-02-27T13:15:43","date_gmt":"2017-02-27T13:15:43","guid":{"rendered":"http:\/\/baker.edge-themes.com\/?page_id=6714"},"modified":"2021-12-16T15:32:24","modified_gmt":"2021-12-16T08:32:24","slug":"crouton","status":"publish","type":"page","link":"https:\/\/yensaosongkieu.com\/","title":{"rendered":"Trang ch\u1ee7"},"content":{"rendered":"<p>[vc_row][vc_column]\n\t\t\t<!-- START Slider 1 REVOLUTION SLIDER 6.2.23 --><p class=\"rs-p-wp-fix\"><\/p>\n\t\t\t<rs-module-wrap id=\"rev_slider_12_1_wrapper\" data-source=\"gallery\" style=\"background:transparent;padding:0;margin:0px auto;margin-top:0;margin-bottom:0;\">\n\t\t\t\t<rs-module id=\"rev_slider_12_1\" style=\"\" data-version=\"6.2.23\">\n\t\t\t\t\t<rs-slides>\n\t\t\t\t\t\t<rs-slide data-key=\"rs-31\" data-title=\"Slide\" data-anim=\"ei:d;eo:d;s:1000;r:0;t:fade;sl:0;\">\n\t\t\t\t\t\t\t<img decoding=\"async\" src=\"\/\/yensaosongkieu.com\/wp-content\/plugins\/revslider\/public\/assets\/assets\/transparent.png\" alt=\"Slide\" title=\"Trang ch\u1ee7\" class=\"rev-slidebg\" data-no-retina>\n<!--\n\t\t\t\t\t\t\t--><rs-layer\n\t\t\t\t\t\t\t\tid=\"slider-12-slide-31-layer-1\" \n\t\t\t\t\t\t\t\tclass=\"rs-layer-video intrinsic-ignore\"\n\t\t\t\t\t\t\t\tdata-type=\"video\"\n\t\t\t\t\t\t\t\tdata-rsp_ch=\"on\"\n\t\t\t\t\t\t\t\tdata-xy=\"x:c;\"\n\t\t\t\t\t\t\t\tdata-text=\"w:normal;s:20,13,7,4;l:0,16,9,6;\"\n\t\t\t\t\t\t\t\tdata-dim=\"w:100%;h:100%;\"\n\t\t\t\t\t\t\t\tdata-basealign=\"slide\"\n\t\t\t\t\t\t\t\tdata-video=\"vd:100;l:true;ptimer:false;nse:f;\"\n\t\t\t\t\t\t\t\tdata-mp4=\"\/\/yensaosongkieu.com\/wp-content\/uploads\/2021\/12\/banner-test-1.mp4\"\n\t\t\t\t\t\t\t\tdata-frame_999=\"o:0;st:w;\"\n\t\t\t\t\t\t\t\tstyle=\"z-index:5;\"\n\t\t\t\t\t\t\t>\n\t\t\t\t\t\t\t<\/rs-layer><!--\n-->\t\t\t\t\t\t<\/rs-slide>\n\t\t\t\t\t<\/rs-slides>\n\t\t\t\t<\/rs-module>\n\t\t\t\t<script type=\"text\/javascript\">\n\t\t\t\t\tsetREVStartSize({c: 'rev_slider_12_1',rl:[1240,1024,778,480],el:[906,720,960,720],gw:[1920,1280,778,480],gh:[906,550,960,720],type:'hero',justify:'',layout:'fullwidth',mh:\"0\"});\n\t\t\t\t\tvar\trevapi12,\n\t\t\t\t\t\ttpj;\n\t\t\t\t\tfunction revinit_revslider121() {\n\t\t\t\t\tjQuery(function() {\n\t\t\t\t\t\ttpj = jQuery;\n\t\t\t\t\t\trevapi12 = tpj(\"#rev_slider_12_1\");\n\t\t\t\t\t\tif(revapi12==undefined || revapi12.revolution == undefined){\n\t\t\t\t\t\t\trevslider_showDoubleJqueryError(\"rev_slider_12_1\");\n\t\t\t\t\t\t}else{\n\t\t\t\t\t\t\trevapi12.revolution({\n\t\t\t\t\t\t\t\tsliderType:\"hero\",\n\t\t\t\t\t\t\t\tsliderLayout:\"fullwidth\",\n\t\t\t\t\t\t\t\tvisibilityLevels:\"1240,1024,778,480\",\n\t\t\t\t\t\t\t\tgridwidth:\"1920,1280,778,480\",\n\t\t\t\t\t\t\t\tgridheight:\"906,550,960,720\",\n\t\t\t\t\t\t\t\tspinner:\"spinner0\",\n\t\t\t\t\t\t\t\tperspective:600,\n\t\t\t\t\t\t\t\tperspectiveType:\"global\",\n\t\t\t\t\t\t\t\teditorheight:\"906,720,960,720\",\n\t\t\t\t\t\t\t\tresponsiveLevels:\"1240,1024,778,480\",\n\t\t\t\t\t\t\t\tprogressBar:{disableProgressBar:true},\n\t\t\t\t\t\t\t\tnavigation: {\n\t\t\t\t\t\t\t\t\tonHoverStop:false\n\t\t\t\t\t\t\t\t},\n\t\t\t\t\t\t\t\tfallbacks: {\n\t\t\t\t\t\t\t\t\tallowHTML5AutoPlayOnAndroid:true\n\t\t\t\t\t\t\t\t},\n\t\t\t\t\t\t\t});\n\t\t\t\t\t\t}\n\t\t\t\t\t\t\n\t\t\t\t\t});\n\t\t\t\t\t} \/\/ End of RevInitScript\n\t\t\t\tvar once_revslider121 = false;\n\t\t\t\tif (document.readyState === \"loading\") {document.addEventListener('readystatechange',function() { if((document.readyState === \"interactive\" || document.readyState === \"complete\") && !once_revslider121 ) { once_revslider121 = true; revinit_revslider121();}});} else {once_revslider121 = true; revinit_revslider121();}\n\t\t\t\t<\/script>\n\t\t\t<\/rs-module-wrap>\n\t\t\t<!-- END REVOLUTION SLIDER -->\n[vc_empty_space height=&#8221;16&#8243;][vc_custom_heading text=&#8221;Y\u1ebfn S\u00e0o Song Ki\u1ec1u&#8221; font_container=&#8221;tag:h2|font_size:36|text_align:center|color:%23c19539&#8243; google_fonts=&#8221;font_family:Great%20Vibes%3Aregular|font_style:400%20regular%3A400%3Anormal&#8221; css_animation=&#8221;none&#8221;][vc_empty_space][\/vc_column][\/vc_row][vc_row css=&#8221;.vc_custom_1488453683602{padding-top: 70px !important;padding-bottom: 70px !important;}&#8221;][vc_column width=&#8221;1\/4&#8243;][vc_row_inner row_content_width=&#8221;grid&#8221;][vc_column_inner][\/vc_column_inner][\/vc_row_inner][\/vc_column][vc_column width=&#8221;1\/4&#8243;][vc_column_text css_animation=&#8221;fadeInLeft&#8221;]<\/p>\n<div class=\"\" data-block=\"true\" data-editor=\"amhm6\" data-offset-key=\"2sr51-0-0\">\n<div data-offset-key=\"2sr51-0-0\">Y\u1ebfn s\u00e0o Song Ki\u1ec1u chuy\u00ean nghi\u00ean c\u1ee9u, cung c\u1ea5p, ph\u00e1t tri\u1ec3n nhi\u1ec1u d\u00f2ng s\u1ea3n ph\u1ea9m t\u1eeb y\u1ebfn s\u00e0o, \u0111\u01b0a gi\u00e1 tr\u1ecb b\u1ed5 d\u01b0\u1ee1ng c\u1ee7a y\u1ebfn s\u00e0o thi\u00ean nhi\u00ean \u0111\u1ebfn v\u1edbi c\u1ed9ng \u0111\u1ed3ng.\u00a0 V\u1edbi mong mu\u1ed1n \u0111\u01b0a th\u01b0\u01a1ng ph\u1ea9m t\u1eeb s\u1ea3n v\u1eadt qu\u00ea nh\u00e0 ch\u1ea5t l\u01b0\u1ee3ng nh\u1ea5t \u0111\u1ebfn v\u1edbi kh\u00e1c h\u00e0ng, to\u00e0n b\u1ed9 h\u1ec7 th\u1ed1ng ho\u1ea1t \u0111\u1ed9ng c\u1ee7a ch\u00fang t\u00f4i l\u00e0 m\u1ed9t quy tr\u00ecnh kh\u00e9p k\u00edn, t\u1eeb c\u00f4ng \u0111o\u1ea1n khai th\u00e1c, thu ho\u1ea1ch , ch\u1ebf bi\u1ebfn v\u00e0 b\u00e1n l\u1ebb.<\/div>\n<div data-offset-key=\"2sr51-0-0\"><\/div>\n<div class=\"_1mf _1mj\" data-offset-key=\"2sr51-0-0\">T\u1ea5t c\u1ea3 s\u1ea3n ph\u1ea9m c\u1ee7a Y\u1ebfn s\u00e0o Song Ki\u1ec1u b\u1ea3o \u0111\u1ea3m nguy\u00ean ch\u1ea5t 100%, kh\u00f4ng s\u1eed d\u1ee5ng b\u1ea5t c\u1ee9 h\u00f3a ch\u1ea5t n\u00e0o trong qu\u00e1 tr\u00ecnh l\u00e0m s\u1ea1ch, \u0111\u00f3ng g\u00f3i v\u00e0 ch\u1ebf bi\u1ebfn t\u1ed5 y\u1ebfn.<\/div>\n<\/div>\n<p>[\/vc_column_text][vc_empty_space][\/vc_column][vc_column width=&#8221;1\/4&#8243;][vc_single_image image=&#8221;11473&#8243; img_size=&#8221;full&#8221; css_animation=&#8221;fadeInRight&#8221;][\/vc_column][vc_column width=&#8221;1\/4&#8243;][\/vc_column][\/vc_row][vc_row][vc_column width=&#8221;1\/4&#8243;][\/vc_column][vc_column width=&#8221;1\/2&#8243;][vc_empty_space height=&#8221;16&#8243;][vc_custom_heading text=&#8221;S\u1ea3n ph\u1ea9m n\u1ed5i b\u1eadt&#8221; font_container=&#8221;tag:h2|font_size:36|text_align:center|color:%23c19539&#8243; google_fonts=&#8221;font_family:Great%20Vibes%3Aregular|font_style:400%20regular%3A400%3Anormal&#8221; link=&#8221;url:https%3A%2F%2Fyensaosongkieu.com%2Findex.php%2Fshop%2F&#8221;]<div class=\"woocommerce columns-3 \"><ul class=\"products columns-3\">\n<li class=\"product type-product post-11766 status-publish first outofstock product_cat-to-yen-sao has-post-thumbnail shipping-taxable purchasable product-type-simple\">\n\t<div class=\"edgtf-pl-inner\"><div class=\"edgtf-pl-image\"><span class=\"edgtf-out-of-stock\">OUT OF STOCK<\/span><div class=\"edgtf-pl-text\"><div class=\"edgtf-pl-text-outer\"><div class=\"edgtf-pl-text-inner\"><a href=\"https:\/\/yensaosongkieu.com\/index.php\/product\/set-qua-tang-vip\/\" data-quantity=\"1\" class=\"button product_type_simple\" data-product_id=\"11766\" data-product_sku=\"0\" aria-label=\"Read more about &ldquo;Set qu\u00e0 t\u1eb7ng VIP&rdquo;\" rel=\"nofollow\">Read more<\/a><\/div><\/div><\/div><\/div><a href=\"https:\/\/yensaosongkieu.com\/index.php\/product\/set-qua-tang-vip\/\" class=\"woocommerce-LoopProduct-link woocommerce-loop-product__link\"><\/a><\/div><div class=\"edgtf-pl-text-wrapper\">\t\t\t<p class=\"edgtf-pl-category\"><a href=\"https:\/\/yensaosongkieu.com\/index.php\/product-category\/to-yen-sao\/\" rel=\"tag\">T\u1ed5 Y\u1ebfn s\u00e0o<\/a><\/p>\n\t\t<h6 class=\"edgtf-product-list-title\"><a href=\"https:\/\/yensaosongkieu.com\/index.php\/product\/set-qua-tang-vip\/\">Set qu\u00e0 t\u1eb7ng VIP<\/a><\/h6>\n\t<span class=\"price\"><span class=\"woocommerce-Price-amount amount\"><bdi><span class=\"woocommerce-Price-currencySymbol\">&#8363;<\/span>6,500,000<\/bdi><\/span><\/span>\n<\/div><\/li><li class=\"product type-product post-11764 status-publish instock product_cat-to-yen-sao has-post-thumbnail shipping-taxable purchasable product-type-simple\">\n\t<div class=\"edgtf-pl-inner\"><div class=\"edgtf-pl-image\"><div class=\"edgtf-pl-text\"><div class=\"edgtf-pl-text-outer\"><div class=\"edgtf-pl-text-inner\"><a href=\"?add-to-cart=11764\" data-quantity=\"1\" class=\"button product_type_simple add_to_cart_button ajax_add_to_cart\" data-product_id=\"11764\" data-product_sku=\"\" aria-label=\"Add &ldquo;Set qu\u00e0 t\u1eb7ng th\u00f4ng th\u01b0\u1eddng&rdquo; to your cart\" rel=\"nofollow\">Add to cart<\/a><\/div><\/div><\/div><\/div><a href=\"https:\/\/yensaosongkieu.com\/index.php\/product\/set-qua-tang-thong-thuong\/\" class=\"woocommerce-LoopProduct-link woocommerce-loop-product__link\"><\/a><\/div><div class=\"edgtf-pl-text-wrapper\">\t\t\t<p class=\"edgtf-pl-category\"><a href=\"https:\/\/yensaosongkieu.com\/index.php\/product-category\/to-yen-sao\/\" rel=\"tag\">T\u1ed5 Y\u1ebfn s\u00e0o<\/a><\/p>\n\t\t<h6 class=\"edgtf-product-list-title\"><a href=\"https:\/\/yensaosongkieu.com\/index.php\/product\/set-qua-tang-thong-thuong\/\">Set qu\u00e0 t\u1eb7ng th\u00f4ng th\u01b0\u1eddng<\/a><\/h6>\n\t<span class=\"price\"><span class=\"woocommerce-Price-amount amount\"><bdi><span class=\"woocommerce-Price-currencySymbol\">&#8363;<\/span>3,700,000<\/bdi><\/span><\/span>\n<\/div><\/li><li class=\"product type-product post-11757 status-publish last instock product_cat-to-yen-sao has-post-thumbnail shipping-taxable purchasable product-type-simple\">\n\t<div class=\"edgtf-pl-inner\"><div class=\"edgtf-pl-image\"><div class=\"edgtf-pl-text\"><div class=\"edgtf-pl-text-outer\"><div class=\"edgtf-pl-text-inner\"><a href=\"?add-to-cart=11757\" data-quantity=\"1\" class=\"button product_type_simple add_to_cart_button ajax_add_to_cart\" data-product_id=\"11757\" data-product_sku=\"\" aria-label=\"Add &ldquo;Y\u1ebfn s\u00e0o nguy\u00ean t\u1ed5 r\u00fat l\u00f4ng (100gr)&rdquo; to your cart\" rel=\"nofollow\">Add to cart<\/a><\/div><\/div><\/div><\/div><a href=\"https:\/\/yensaosongkieu.com\/index.php\/product\/yen-nguyen-to-rut-long-100gr\/\" class=\"woocommerce-LoopProduct-link woocommerce-loop-product__link\"><\/a><\/div><div class=\"edgtf-pl-text-wrapper\">\t\t\t<p class=\"edgtf-pl-category\"><a href=\"https:\/\/yensaosongkieu.com\/index.php\/product-category\/to-yen-sao\/\" rel=\"tag\">T\u1ed5 Y\u1ebfn s\u00e0o<\/a><\/p>\n\t\t<h6 class=\"edgtf-product-list-title\"><a href=\"https:\/\/yensaosongkieu.com\/index.php\/product\/yen-nguyen-to-rut-long-100gr\/\">Y\u1ebfn s\u00e0o nguy\u00ean t\u1ed5 r\u00fat l\u00f4ng (100gr)<\/a><\/h6>\n\t<span class=\"price\"><span class=\"woocommerce-Price-amount amount\"><bdi><span class=\"woocommerce-Price-currencySymbol\">&#8363;<\/span>4,200,000<\/bdi><\/span><\/span>\n<\/div><\/li><\/ul>\n<\/div>[\/vc_column][vc_column width=&#8221;1\/4&#8243;][\/vc_column][\/vc_row][vc_row][vc_column width=&#8221;1\/4&#8243;][\/vc_column][vc_column width=&#8221;1\/2&#8243;][vc_empty_space height=&#8221;16&#8243;][vc_custom_heading text=&#8221;Tin t\u1ee9c v\u00e0 S\u1ef1 ki\u1ec7n&#8221; font_container=&#8221;tag:h2|font_size:36|text_align:center|color:%23c19539&#8243; google_fonts=&#8221;font_family:Great%20Vibes%3Aregular|font_style:400%20regular%3A400%3Anormal&#8221; link=&#8221;url:https%3A%2F%2Fyensaosongkieu.com%2Findex.php%2Fright-sidebar%2F&#8221;][vc_empty_space height=&#8221;16&#8243;][vc_basic_grid post_type=&#8221;post&#8221; max_items=&#8221;3&#8243; style=&#8221;lazy&#8221; item=&#8221;basicGrid_ScaleInWithRotation&#8221; grid_id=&#8221;vc_gid:1639643467577-0d8d0d05-cb37-9&#8243;][\/vc_column][vc_column width=&#8221;1\/4&#8243;][\/vc_column][\/vc_row]<\/p>\n","protected":false},"excerpt":{"rendered":"<p>[vc_row][vc_column][vc_empty_space height=&#8221;16&#8243;][vc_custom_heading text=&#8221;Y\u1ebfn S\u00e0o Song Ki\u1ec1u&#8221; font_container=&#8221;tag:h2|font_size:36|text_align:center|color:%23c19539&#8243; google_fonts=&#8221;font_family:Great%20Vibes%3Aregular|font_style:400%20regular%3A400%3Anormal&#8221; css_animation=&#8221;none&#8221;][vc_empty_space][\/vc_column][\/vc_row][vc_row css=&#8221;.vc_custom_1488453683602{padding-top: 70px !important;padding-bottom: 70px !important;}&#8221;][vc_column width=&#8221;1\/4&#8243;][vc_row_inner row_content_width=&#8221;grid&#8221;][vc_column_inner][\/vc_column_inner][\/vc_row_inner][\/vc_column][vc_column width=&#8221;1\/4&#8243;][vc_column_text css_animation=&#8221;fadeInLeft&#8221;] Y\u1ebfn s\u00e0o Song Ki\u1ec1u chuy\u00ean nghi\u00ean c\u1ee9u, cung c\u1ea5p, ph\u00e1t tri\u1ec3n nhi\u1ec1u d\u00f2ng s\u1ea3n ph\u1ea9m t\u1eeb y\u1ebfn s\u00e0o, \u0111\u01b0a gi\u00e1 tr\u1ecb b\u1ed5 [&hellip;]<\/p>\n","protected":false},"author":1,"featured_media":0,"parent":0,"menu_order":0,"comment_status":"closed","ping_status":"closed","template":"full-width.php","meta":{"_mi_skip_tracking":false,"footnotes":""},"class_list":["post-6714","page","type-page","status-publish","hentry"],"_links":{"self":[{"href":"https:\/\/yensaosongkieu.com\/index.php\/wp-json\/wp\/v2\/pages\/6714","targetHints":{"allow":["GET"]}}],"collection":[{"href":"https:\/\/yensaosongkieu.com\/index.php\/wp-json\/wp\/v2\/pages"}],"about":[{"href":"https:\/\/yensaosongkieu.com\/index.php\/wp-json\/wp\/v2\/types\/page"}],"author":[{"embeddable":true,"href":"https:\/\/yensaosongkieu.com\/index.php\/wp-json\/wp\/v2\/users\/1"}],"replies":[{"embeddable":true,"href":"https:\/\/yensaosongkieu.com\/index.php\/wp-json\/wp\/v2\/comments?post=6714"}],"version-history":[{"count":137,"href":"https:\/\/yensaosongkieu.com\/index.php\/wp-json\/wp\/v2\/pages\/6714\/revisions"}],"predecessor-version":[{"id":11999,"href":"https:\/\/yensaosongkieu.com\/index.php\/wp-json\/wp\/v2\/pages\/6714\/revisions\/11999"}],"wp:attachment":[{"href":"https:\/\/yensaosongkieu.com\/index.php\/wp-json\/wp\/v2\/media?parent=6714"}],"curies":[{"name":"wp","href":"https:\/\/api.w.org\/{rel}","templated":true}]}}