{"id":7206,"date":"2017-03-01T11:21:28","date_gmt":"2017-03-01T11:21:28","guid":{"rendered":"http:\/\/baker.edge-themes.com\/?page_id=7206"},"modified":"2021-02-01T07:48:06","modified_gmt":"2021-02-01T07:48:06","slug":"image-with-text","status":"publish","type":"page","link":"https:\/\/yensaosongkieu.com\/index.php\/image-with-text\/","title":{"rendered":"Quy c\u00e1ch s\u1ea3n ph\u1ea9m"},"content":{"rendered":"<p>[vc_row row_content_width=&#8221;grid&#8221; content_text_aligment=&#8221;center&#8221; css=&#8221;.vc_custom_1489506873400{padding-top: 76px !important;padding-bottom: 46px !important;}&#8221;][vc_column offset=&#8221;vc_col-lg-4 vc_col-md-4&#8243;]<div class=\"edgtf-image-with-text-holder edgtf-image-behavior- \">\n\t<div class=\"edgtf-iwt-image\">\n\t\t<div class=\"edgtf-iwt-image-wrapper\">\n\t\t\t\t\t\t\t\t\t\t\t\t\t\t<img loading=\"lazy\" decoding=\"async\" width=\"376\" height=\"376\" src=\"https:\/\/yensaosongkieu.com\/wp-content\/uploads\/2021\/01\/hopyensaosongkieuphuyenFINAL.png\" class=\"attachment-full size-full\" alt=\"\" srcset=\"https:\/\/yensaosongkieu.com\/wp-content\/uploads\/2021\/01\/hopyensaosongkieuphuyenFINAL.png 376w, https:\/\/yensaosongkieu.com\/wp-content\/uploads\/2021\/01\/hopyensaosongkieuphuyenFINAL-300x300.png 300w, https:\/\/yensaosongkieu.com\/wp-content\/uploads\/2021\/01\/hopyensaosongkieuphuyenFINAL-200x200.png 200w, https:\/\/yensaosongkieu.com\/wp-content\/uploads\/2021\/01\/hopyensaosongkieuphuyenFINAL-150x150.png 150w\" sizes=\"auto, (max-width: 376px) 100vw, 376px\" \/>\t\t\t\t\t\t\t\t\t\t\t\t<\/div>\n\t<\/div>\n\t<div class=\"edgtf-iwt-text-holder\">\n\t\t\t\t<h5 class=\"edgtf-iwt-title\" >H\u1ed8P \u0110\u1ef0NG Y\u1ebeN<\/h5>\n\t\t\t\t<p class=\"edgtf-iwt-text\" >T\u1ed5 y\u1ebfn \u0111\u01b0\u1ee3c \u0111\u1ef1ng trong h\u1ed9p nh\u1ef1a h\u00ecnh ch\u1eef nh\u1eadt, h\u00ecnh tr\u00f2n, h\u00ecnh vu\u00f4ng. Tr\u00ean n\u1eafp h\u1ed9p c\u00f3 tem th\u01b0\u01a1ng hi\u1ec7u Y\u1ebfn s\u00e0o Song Ki\u1ec1u Ph\u00fa Y\u00ean ch\u00ednh h\u00e3ng v\u00e0 \u0111\u1ecba ch\u1ec9 trang website c\u00f4ng ty. Th\u00e0nh h\u1ed9p c\u00f3 b\u0103ng keo ni\u00eam phong \u0111\u1eb7c th\u00f9 in logo Y\u1ebfn s\u00e0o Song Ki\u1ec1u Ph\u00fa Y\u00ean.<\/p>\n\t<\/div>\n<\/div>[vc_empty_space height=&#8221;50px&#8221;][\/vc_column][vc_column offset=&#8221;vc_col-lg-4 vc_col-md-4&#8243;]<div class=\"edgtf-image-with-text-holder edgtf-image-behavior- \">\n\t<div class=\"edgtf-iwt-image\">\n\t\t<div class=\"edgtf-iwt-image-wrapper\">\n\t\t\t\t\t\t\t\t\t\t\t\t\t\t<img loading=\"lazy\" decoding=\"async\" width=\"976\" height=\"800\" src=\"https:\/\/yensaosongkieu.com\/wp-content\/uploads\/2021\/01\/HopdungYensaoFinal_2801.png\" class=\"attachment-full size-full\" alt=\"\" srcset=\"https:\/\/yensaosongkieu.com\/wp-content\/uploads\/2021\/01\/HopdungYensaoFinal_2801.png 976w, https:\/\/yensaosongkieu.com\/wp-content\/uploads\/2021\/01\/HopdungYensaoFinal_2801-600x492.png 600w, https:\/\/yensaosongkieu.com\/wp-content\/uploads\/2021\/01\/HopdungYensaoFinal_2801-300x246.png 300w, https:\/\/yensaosongkieu.com\/wp-content\/uploads\/2021\/01\/HopdungYensaoFinal_2801-768x630.png 768w\" sizes=\"auto, (max-width: 976px) 100vw, 976px\" \/>\t\t\t\t\t\t\t\t\t\t\t\t<\/div>\n\t<\/div>\n\t<div class=\"edgtf-iwt-text-holder\">\n\t\t\t\t<h5 class=\"edgtf-iwt-title\" >H\u1ed8P \u0110\u1ef0NG S\u1ea2N PH\u1ea8M<\/h5>\n\t\t\t\t<p class=\"edgtf-iwt-text\" >Ch\u1ea5t li\u1ec7u h\u1ed9p cao c\u1ea5p, \u0111\u01b0\u1ee3c l\u00e0m b\u1eb1ng gi\u1ea5y m\u1ef9 thu\u1eadt, d\u1eadp nh\u0169 \u00e1nh kim, l\u1ea5p l\u00e1nh sang tr\u1ecdng, \u0111\u01b0\u1ee3c thi\u1ebft k\u1ebf tinh t\u1ebf. H\u1ed9p gi\u1ea5y c\u1ee9ng m\u00e0u \u0111en, tr\u00ean n\u1eafp h\u1ed9p c\u00f3 in logo v\u00e0 th\u01b0\u01a1ng hi\u1ec7u Y\u1ebfn s\u00e0o Song Ki\u1ec1u Ph\u00fa Y\u00ean, slogan &#039;Y\u1ebfn s\u00e0o Ph\u00fa Y\u00ean - Qu\u00e0 t\u1eb7ng thi\u00ean nhi\u00ean&#039;.<\/p>\n\t<\/div>\n<\/div>[vc_empty_space height=&#8221;50px&#8221;][\/vc_column][vc_column offset=&#8221;vc_col-lg-4 vc_col-md-4&#8243;]<div class=\"edgtf-image-with-text-holder edgtf-image-behavior- \">\n\t<div class=\"edgtf-iwt-image\">\n\t\t<div class=\"edgtf-iwt-image-wrapper\">\n\t\t\t\t\t\t\t\t\t\t\t\t\t\t<img loading=\"lazy\" decoding=\"async\" width=\"3628\" height=\"5054\" src=\"https:\/\/yensaosongkieu.com\/wp-content\/uploads\/2021\/01\/Tui-dung-yen-sao-Final.png\" class=\"attachment-full size-full\" alt=\"\" srcset=\"https:\/\/yensaosongkieu.com\/wp-content\/uploads\/2021\/01\/Tui-dung-yen-sao-Final.png 3628w, https:\/\/yensaosongkieu.com\/wp-content\/uploads\/2021\/01\/Tui-dung-yen-sao-Final-600x836.png 600w, https:\/\/yensaosongkieu.com\/wp-content\/uploads\/2021\/01\/Tui-dung-yen-sao-Final-215x300.png 215w, https:\/\/yensaosongkieu.com\/wp-content\/uploads\/2021\/01\/Tui-dung-yen-sao-Final-735x1024.png 735w, https:\/\/yensaosongkieu.com\/wp-content\/uploads\/2021\/01\/Tui-dung-yen-sao-Final-768x1070.png 768w, https:\/\/yensaosongkieu.com\/wp-content\/uploads\/2021\/01\/Tui-dung-yen-sao-Final-1103x1536.png 1103w, https:\/\/yensaosongkieu.com\/wp-content\/uploads\/2021\/01\/Tui-dung-yen-sao-Final-1470x2048.png 1470w\" sizes=\"auto, (max-width: 3628px) 100vw, 3628px\" \/>\t\t\t\t\t\t\t\t\t\t\t\t<\/div>\n\t<\/div>\n\t<div class=\"edgtf-iwt-text-holder\">\n\t\t\t\t<h5 class=\"edgtf-iwt-title\" >T\u00daI \u0110\u1ef0NG S\u1ea2N PH\u1ea8M<\/h5>\n\t\t\t\t<p class=\"edgtf-iwt-text\" >M\u1ed7i m\u1eabu h\u1ed9p s\u1ebd \u0111i k\u00e8m t\u00fai \u0111\u1ef1ng cao c\u1ea5p c\u00f9ng m\u00e0u t\u01b0\u01a1ng \u1ee9ng. Hai m\u1eb7t t\u00fai c\u00f3 logo Y\u1ebfn s\u00e0o Song Ki\u1ec1u Ph\u00fa Y\u00ean, website http:\/\/yensaosongkieuphuyen.vn\/ v\u00e0 Slogan &#039;Y\u1ebfn s\u00e0o Ph\u00fa Y\u00ean - Qu\u00e0 t\u1eb7ng thi\u00ean nhi\u00ean&#039;. Ch\u1ea5t li\u1ec7u t\u00fai cao c\u1ea5p, thi\u1ebft k\u1ebf sang tr\u1ecdng, b\u1eaft m\u1eaft, tinh t\u1ebf.<\/p>\n\t<\/div>\n<\/div>[vc_empty_space height=&#8221;50px&#8221;][\/vc_column][\/vc_row][vc_row css=&#8221;.vc_custom_1489506912116{padding-top: 66px !important;padding-bottom: 40px !important;background-color: #f6f6f6 !important;}&#8221;][vc_column][vc_row_inner row_content_width=&#8221;grid&#8221;][vc_column_inner offset=&#8221;vc_col-lg-4 vc_col-md-4&#8243;]<div class=\"edgtf-image-with-text-holder edgtf-image-behavior- \">\n\t<div class=\"edgtf-iwt-image\">\n\t\t<div class=\"edgtf-iwt-image-wrapper\">\n\t\t\t\t\t\t\t\t\t\t\t\t\t\t<img loading=\"lazy\" decoding=\"async\" width=\"2656\" height=\"1536\" src=\"https:\/\/yensaosongkieu.com\/wp-content\/uploads\/2021\/01\/Hopduongphenchungyen.png\" class=\"attachment-full size-full\" alt=\"\" srcset=\"https:\/\/yensaosongkieu.com\/wp-content\/uploads\/2021\/01\/Hopduongphenchungyen.png 2656w, https:\/\/yensaosongkieu.com\/wp-content\/uploads\/2021\/01\/Hopduongphenchungyen-600x347.png 600w, https:\/\/yensaosongkieu.com\/wp-content\/uploads\/2021\/01\/Hopduongphenchungyen-300x173.png 300w, https:\/\/yensaosongkieu.com\/wp-content\/uploads\/2021\/01\/Hopduongphenchungyen-1024x592.png 1024w, https:\/\/yensaosongkieu.com\/wp-content\/uploads\/2021\/01\/Hopduongphenchungyen-768x444.png 768w, https:\/\/yensaosongkieu.com\/wp-content\/uploads\/2021\/01\/Hopduongphenchungyen-1536x888.png 1536w\" sizes=\"auto, (max-width: 2656px) 100vw, 2656px\" \/>\t\t\t\t\t\t\t\t\t\t\t\t<\/div>\n\t<\/div>\n\t<div class=\"edgtf-iwt-text-holder\">\n\t\t\t\t<h5 class=\"edgtf-iwt-title\" >H\u1ed8P \u0110\u01af\u1edcNG PH\u00c8N CH\u01afNG Y\u1ebeN<\/h5>\n\t\t\t\t<p class=\"edgtf-iwt-text\" >H\u1ed9p nh\u1ef1a \u0111\u1ef1ng \u0111\u01b0\u1eddng ph\u00e8n ch\u01b0ng y\u1ebfn h\u00ecnh ch\u1eef nh\u1eadt, \u0111\u01b0\u1ee3c l\u00e0m t\u1eeb nh\u1ef1a cao c\u1ea5p an to\u00e0n, trong su\u1ed1t, kh\u00f4ng m\u00f9i, kh\u00f4ng \u0111\u1ed9c h\u1ea1i v\u1edbi ng\u01b0\u1eddi s\u1eed d\u1ee5ng v\u00e0 m\u00f4i tr\u01b0\u1eddng.<\/p>\n\t<\/div>\n<\/div>[vc_empty_space height=&#8221;55px&#8221;][\/vc_column_inner][vc_column_inner offset=&#8221;vc_col-lg-4 vc_col-md-4&#8243;]<div class=\"edgtf-image-with-text-holder edgtf-image-behavior- \">\n\t<div class=\"edgtf-iwt-image\">\n\t\t<div class=\"edgtf-iwt-image-wrapper\">\n\t\t\t\t\t\t\t\t\t\t\t\t\t\t<img loading=\"lazy\" decoding=\"async\" width=\"1510\" height=\"1179\" src=\"https:\/\/yensaosongkieu.com\/wp-content\/uploads\/2021\/01\/HuongdansudungSongKieu.png\" class=\"attachment-full size-full\" alt=\"\" srcset=\"https:\/\/yensaosongkieu.com\/wp-content\/uploads\/2021\/01\/HuongdansudungSongKieu.png 1510w, https:\/\/yensaosongkieu.com\/wp-content\/uploads\/2021\/01\/HuongdansudungSongKieu-600x468.png 600w, https:\/\/yensaosongkieu.com\/wp-content\/uploads\/2021\/01\/HuongdansudungSongKieu-300x234.png 300w, https:\/\/yensaosongkieu.com\/wp-content\/uploads\/2021\/01\/HuongdansudungSongKieu-1024x800.png 1024w, https:\/\/yensaosongkieu.com\/wp-content\/uploads\/2021\/01\/HuongdansudungSongKieu-768x600.png 768w\" sizes=\"auto, (max-width: 1510px) 100vw, 1510px\" \/>\t\t\t\t\t\t\t\t\t\t\t\t<\/div>\n\t<\/div>\n\t<div class=\"edgtf-iwt-text-holder\">\n\t\t\t\t<h5 class=\"edgtf-iwt-title\" >H\u01af\u1edaNG D\u1eaaN S\u1eec D\u1ee4NG<\/h5>\n\t\t\t\t<p class=\"edgtf-iwt-text\" >M\u1ed7i s\u1ea3n ph\u1ea9m t\u1ed5 y\u1ebfn lu\u00f4n \u0111\u01b0\u1ee3c \u0111\u00ednh k\u00e8m H\u01b0\u1edbng d\u1eabn s\u1eed d\u1ee5ng, v\u1edbi \u0111\u1ea7y \u0111\u1ee7 th\u00f4ng tin c\u00e1ch s\u1eed d\u1ee5ng, \u0111\u01a1n v\u1ecb s\u1ea3n xu\u1ea5t v\u00e0 ph\u00e2n ph\u1ed1i Y\u1ebfn s\u00e0o Song Ki\u1ec1u Ph\u00fa Y\u00ean c\u00f9ng c\u00e1c c\u01a1 s\u1edf c\u1ee7a C\u00f4ng ty. Qu\u00fd kh\u00e1ch ch\u1ec9 n\u00ean mua v\u00e0 s\u1eed d\u1ee5ng c\u00e1c lo\u1ea1i s\u1ea3n ph\u1ea9m v\u1edbi \u0111\u1ea7y \u0111\u1ee7 quy c\u00e1ch \u0111\u00e3 n\u00eau.<\/p>\n\t<\/div>\n<\/div>[vc_empty_space height=&#8221;55px&#8221;][\/vc_column_inner][vc_column_inner offset=&#8221;vc_col-lg-4 vc_col-md-4&#8243;]<div class=\"edgtf-image-with-text-holder edgtf-image-behavior- \">\n\t<div class=\"edgtf-iwt-image\">\n\t\t<div class=\"edgtf-iwt-image-wrapper\">\n\t\t\t\t\t\t\t\t\t\t\t\t\t\t<img loading=\"lazy\" decoding=\"async\" width=\"5278\" height=\"3518\" src=\"https:\/\/yensaosongkieu.com\/wp-content\/uploads\/2021\/01\/Yensaosongkieu.png\" class=\"attachment-full size-full\" alt=\"\" srcset=\"https:\/\/yensaosongkieu.com\/wp-content\/uploads\/2021\/01\/Yensaosongkieu.png 5278w, https:\/\/yensaosongkieu.com\/wp-content\/uploads\/2021\/01\/Yensaosongkieu-600x400.png 600w, https:\/\/yensaosongkieu.com\/wp-content\/uploads\/2021\/01\/Yensaosongkieu-300x200.png 300w, https:\/\/yensaosongkieu.com\/wp-content\/uploads\/2021\/01\/Yensaosongkieu-1024x683.png 1024w, https:\/\/yensaosongkieu.com\/wp-content\/uploads\/2021\/01\/Yensaosongkieu-768x512.png 768w, https:\/\/yensaosongkieu.com\/wp-content\/uploads\/2021\/01\/Yensaosongkieu-1536x1024.png 1536w\" sizes=\"auto, (max-width: 5278px) 100vw, 5278px\" \/>\t\t\t\t\t\t\t\t\t\t\t\t<\/div>\n\t<\/div>\n\t<div class=\"edgtf-iwt-text-holder\">\n\t\t\t\t<h5 class=\"edgtf-iwt-title\" >S\u1ea2N PH\u1ea8M<\/h5>\n\t\t\t\t<p class=\"edgtf-iwt-text\" >T\u1ea5t c\u1ea3 c\u00e1c s\u1ea3n ph\u1ea9m t\u1ea1i Y\u1ebfn s\u00e0o Song Ki\u1ec1u kh\u00f4ng s\u1eed d\u1ee5ng b\u1ea5t k\u1ef3 m\u1ed9t lo\u1ea1t h\u00f3a ch\u1ea5t n\u00e0o, 100% nguy\u00ean ch\u1ea5t, 100% thu\u1ea7n ch\u1ea5t ngu\u1ed3n g\u1ed1c t\u1ed5 y\u1ebfn khai th\u00e1c, ch\u1ebf bi\u1ebfn t\u1ea1i Ph\u00fa Y\u00ean. Kh\u00f4ng ch\u1ec9 l\u00e0 nguy\u00ean ch\u1ea5t 100% m\u00e0 s\u1ea3n ph\u1ea9m c\u1ee7a Y\u1ebfn s\u00e0o Song Ki\u1ec1u Ph\u00fa Y\u00ean c\u00f2n \u0111\u1ea3m b\u1ea3o vi ch\u1ea5t t\u1ed5 y\u1ebfn cao nh\u1ea5t \u0111\u1ebfn tay kh\u00e1ch h\u00e0ng.<\/p>\n\t<\/div>\n<\/div>[vc_empty_space height=&#8221;55px&#8221;][\/vc_column_inner][\/vc_row_inner][\/vc_column][\/vc_row][vc_row css=&#8221;.vc_custom_1489766787436{padding-top: 63px !important;}&#8221;][vc_column][vc_row_inner row_content_width=&#8221;grid&#8221; content_text_aligment=&#8221;center&#8221;][vc_column_inner offset=&#8221;vc_col-lg-4 vc_col-md-12 vc_col-xs-12&#8243; css=&#8221;.vc_custom_1488553157804{padding-right: 4% !important;padding-left: 4% !important;}&#8221;]<div class=\"edgtf-image-with-text-holder edgtf-image-behavior-custom-link edgtf-image-shape-round\">\n\t<div class=\"edgtf-iwt-image\">\n\t\t<div class=\"edgtf-iwt-image-wrapper\">\n\t\t\t\t\t\t\t<a itemprop=\"url\" href=\"http:\/\/baker.edge-themes.com\/what-we-offer\/\" target=\"_blank\">\n\t\t\t\t\t\t\t\t\t\t\t\t\t\t\t\t<img loading=\"lazy\" decoding=\"async\" width=\"2000\" height=\"1329\" src=\"https:\/\/yensaosongkieu.com\/wp-content\/uploads\/2021\/01\/Chan-to-yen.png\" class=\"attachment-full size-full\" alt=\"\" srcset=\"https:\/\/yensaosongkieu.com\/wp-content\/uploads\/2021\/01\/Chan-to-yen.png 2000w, https:\/\/yensaosongkieu.com\/wp-content\/uploads\/2021\/01\/Chan-to-yen-600x399.png 600w, https:\/\/yensaosongkieu.com\/wp-content\/uploads\/2021\/01\/Chan-to-yen-300x199.png 300w, https:\/\/yensaosongkieu.com\/wp-content\/uploads\/2021\/01\/Chan-to-yen-1024x680.png 1024w, https:\/\/yensaosongkieu.com\/wp-content\/uploads\/2021\/01\/Chan-to-yen-768x510.png 768w, https:\/\/yensaosongkieu.com\/wp-content\/uploads\/2021\/01\/Chan-to-yen-1536x1021.png 1536w\" sizes=\"auto, (max-width: 2000px) 100vw, 2000px\" \/>\t\t\t\t\t\t\t\t\t\t\t\t\t\t<\/a>\n\t\t\t\t\t<\/div>\n\t<\/div>\n\t<div class=\"edgtf-iwt-text-holder\">\n\t\t\t\t<h5 class=\"edgtf-iwt-title\" >Y\u1ebeN S\u00c0O <\/h5>\n\t\t\t\t<p class=\"edgtf-iwt-text\" style=\"margin-top: 22px\">Y\u1ebfn s\u00e0o Song Ki\u1ec1u Ph\u00fa Y\u00ean chuy\u00ean cung c\u1ea5p nh\u1eefng s\u1ea3n ph\u1ea9m \u0111\u01b0\u1ee3c khai th\u00e1c, s\u1ea3n xu\u1ea5t v\u00e0 ch\u1ebf bi\u1ebfn t\u1ea1i Ph\u00fa Y\u00ean.<\/p>\n\t<\/div>\n<\/div>[vc_empty_space height=&#8221;92px&#8221;][\/vc_column_inner][vc_column_inner offset=&#8221;vc_col-lg-4 vc_col-md-12 vc_col-xs-12&#8243; css=&#8221;.vc_custom_1488553163667{padding-right: 4% !important;padding-left: 4% !important;}&#8221;]<div class=\"edgtf-image-with-text-holder edgtf-image-behavior-custom-link edgtf-image-shape-round\">\n\t<div class=\"edgtf-iwt-image\">\n\t\t<div class=\"edgtf-iwt-image-wrapper\">\n\t\t\t\t\t\t\t<a itemprop=\"url\" href=\"http:\/\/baker.edge-themes.com\/pricing-plans\/\" target=\"_blank\">\n\t\t\t\t\t\t\t\t\t\t\t\t\t\t\t\t<img loading=\"lazy\" decoding=\"async\" width=\"2000\" height=\"1333\" src=\"https:\/\/yensaosongkieu.com\/wp-content\/uploads\/2021\/01\/bird-nest-song-kieu.png\" class=\"attachment-full size-full\" alt=\"\" srcset=\"https:\/\/yensaosongkieu.com\/wp-content\/uploads\/2021\/01\/bird-nest-song-kieu.png 2000w, https:\/\/yensaosongkieu.com\/wp-content\/uploads\/2021\/01\/bird-nest-song-kieu-600x400.png 600w, https:\/\/yensaosongkieu.com\/wp-content\/uploads\/2021\/01\/bird-nest-song-kieu-300x200.png 300w, https:\/\/yensaosongkieu.com\/wp-content\/uploads\/2021\/01\/bird-nest-song-kieu-1024x682.png 1024w, https:\/\/yensaosongkieu.com\/wp-content\/uploads\/2021\/01\/bird-nest-song-kieu-768x512.png 768w, https:\/\/yensaosongkieu.com\/wp-content\/uploads\/2021\/01\/bird-nest-song-kieu-1536x1024.png 1536w\" sizes=\"auto, (max-width: 2000px) 100vw, 2000px\" \/>\t\t\t\t\t\t\t\t\t\t\t\t\t\t<\/a>\n\t\t\t\t\t<\/div>\n\t<\/div>\n\t<div class=\"edgtf-iwt-text-holder\">\n\t\t\t\t<h5 class=\"edgtf-iwt-title\" >SONG KI\u1ec0U<\/h5>\n\t\t\t\t<p class=\"edgtf-iwt-text\" style=\"margin-top: 22px\">Y\u1ebfn s\u00e0o Song Ki\u1ec1u Ph\u00fa Y\u00ean ch\u00fa tr\u1ecdng nghi\u00ean c\u1ee9u ph\u00e1t tri\u1ec3n nhi\u1ec1u d\u00f2ng s\u1ea3n ph\u1ea9m t\u1eeb y\u1ebfn s\u00e0o, \u0111\u01b0a gi\u00e1 tr\u1ecb b\u1ed5 d\u01b0\u1ee1ng c\u1ee7a y\u1ebfn s\u00e0o \u0111\u1ea3o thi\u00ean nhi\u00ean Ph\u00fa Y\u00ean \u0111\u1ebfn v\u1edbi c\u1ed9ng \u0111\u1ed3ng<\/p>\n\t<\/div>\n<\/div>[vc_empty_space height=&#8221;92px&#8221;][\/vc_column_inner][vc_column_inner offset=&#8221;vc_col-lg-4 vc_col-md-12 vc_col-xs-12&#8243; css=&#8221;.vc_custom_1488553174411{padding-right: 4% !important;padding-left: 4% !important;}&#8221;]<div class=\"edgtf-image-with-text-holder edgtf-image-behavior-custom-link edgtf-image-shape-round\">\n\t<div class=\"edgtf-iwt-image\">\n\t\t<div class=\"edgtf-iwt-image-wrapper\">\n\t\t\t\t\t\t\t<a itemprop=\"url\" href=\"http:\/\/baker.edge-themes.com\/the-menu\/\" target=\"_blank\">\n\t\t\t\t\t\t\t\t\t\t\t\t\t\t\t\t<img loading=\"lazy\" decoding=\"async\" width=\"5278\" height=\"3518\" src=\"https:\/\/yensaosongkieu.com\/wp-content\/uploads\/2021\/01\/Yensaosongkieu.png\" class=\"attachment-full size-full\" alt=\"\" srcset=\"https:\/\/yensaosongkieu.com\/wp-content\/uploads\/2021\/01\/Yensaosongkieu.png 5278w, https:\/\/yensaosongkieu.com\/wp-content\/uploads\/2021\/01\/Yensaosongkieu-600x400.png 600w, https:\/\/yensaosongkieu.com\/wp-content\/uploads\/2021\/01\/Yensaosongkieu-300x200.png 300w, https:\/\/yensaosongkieu.com\/wp-content\/uploads\/2021\/01\/Yensaosongkieu-1024x683.png 1024w, https:\/\/yensaosongkieu.com\/wp-content\/uploads\/2021\/01\/Yensaosongkieu-768x512.png 768w, https:\/\/yensaosongkieu.com\/wp-content\/uploads\/2021\/01\/Yensaosongkieu-1536x1024.png 1536w\" sizes=\"auto, (max-width: 5278px) 100vw, 5278px\" \/>\t\t\t\t\t\t\t\t\t\t\t\t\t\t<\/a>\n\t\t\t\t\t<\/div>\n\t<\/div>\n\t<div class=\"edgtf-iwt-text-holder\">\n\t\t\t\t<h5 class=\"edgtf-iwt-title\" >PH\u00da Y\u00caN<\/h5>\n\t\t\t\t<p class=\"edgtf-iwt-text\" style=\"margin-top: 22px\">T\u1ea5t c\u1ea3 s\u1ea3n ph\u1ea9m c\u1ee7a Y\u1ebfn s\u00e0o Song Ki\u1ec1u Ph\u00fa Y\u00ean l\u00e0 y\u1ebfn s\u00e0o nguy\u00ean ch\u1ea5t 100%, \u0111\u1ea3m b\u1ea3o v\u1ec7 sinh an to\u00e0n th\u1ef1c ph\u1ea9m.<\/p>\n\t<\/div>\n<\/div>[vc_empty_space height=&#8221;92px&#8221;][\/vc_column_inner][\/vc_row_inner][\/vc_column][\/vc_row]<\/p>\n","protected":false},"excerpt":{"rendered":"<p>[vc_row row_content_width=&#8221;grid&#8221; content_text_aligment=&#8221;center&#8221; css=&#8221;.vc_custom_1489506873400{padding-top: 76px !important;padding-bottom: 46px !important;}&#8221;][vc_column offset=&#8221;vc_col-lg-4 vc_col-md-4&#8243;][vc_empty_space height=&#8221;50px&#8221;][\/vc_column][vc_column offset=&#8221;vc_col-lg-4 vc_col-md-4&#8243;][vc_empty_space height=&#8221;50px&#8221;][\/vc_column][vc_column offset=&#8221;vc_col-lg-4 vc_col-md-4&#8243;][vc_empty_space height=&#8221;50px&#8221;][\/vc_column][\/vc_row][vc_row css=&#8221;.vc_custom_1489506912116{padding-top: 66px !important;padding-bottom: 40px !important;background-color: #f6f6f6 !important;}&#8221;][vc_column][vc_row_inner row_content_width=&#8221;grid&#8221;][vc_column_inner offset=&#8221;vc_col-lg-4 vc_col-md-4&#8243;][vc_empty_space height=&#8221;55px&#8221;][\/vc_column_inner][vc_column_inner offset=&#8221;vc_col-lg-4 vc_col-md-4&#8243;][vc_empty_space height=&#8221;55px&#8221;][\/vc_column_inner][vc_column_inner offset=&#8221;vc_col-lg-4 vc_col-md-4&#8243;][vc_empty_space height=&#8221;55px&#8221;][\/vc_column_inner][\/vc_row_inner][\/vc_column][\/vc_row][vc_row css=&#8221;.vc_custom_1489766787436{padding-top: 63px !important;}&#8221;][vc_column][vc_row_inner row_content_width=&#8221;grid&#8221; content_text_aligment=&#8221;center&#8221;][vc_column_inner offset=&#8221;vc_col-lg-4 [&hellip;]<\/p>\n","protected":false},"author":1,"featured_media":0,"parent":0,"menu_order":0,"comment_status":"closed","ping_status":"closed","template":"full-width.php","meta":{"_mi_skip_tracking":false,"footnotes":""},"class_list":["post-7206","page","type-page","status-publish","hentry"],"_links":{"self":[{"href":"https:\/\/yensaosongkieu.com\/index.php\/wp-json\/wp\/v2\/pages\/7206","targetHints":{"allow":["GET"]}}],"collection":[{"href":"https:\/\/yensaosongkieu.com\/index.php\/wp-json\/wp\/v2\/pages"}],"about":[{"href":"https:\/\/yensaosongkieu.com\/index.php\/wp-json\/wp\/v2\/types\/page"}],"author":[{"embeddable":true,"href":"https:\/\/yensaosongkieu.com\/index.php\/wp-json\/wp\/v2\/users\/1"}],"replies":[{"embeddable":true,"href":"https:\/\/yensaosongkieu.com\/index.php\/wp-json\/wp\/v2\/comments?post=7206"}],"version-history":[{"count":20,"href":"https:\/\/yensaosongkieu.com\/index.php\/wp-json\/wp\/v2\/pages\/7206\/revisions"}],"predecessor-version":[{"id":11650,"href":"https:\/\/yensaosongkieu.com\/index.php\/wp-json\/wp\/v2\/pages\/7206\/revisions\/11650"}],"wp:attachment":[{"href":"https:\/\/yensaosongkieu.com\/index.php\/wp-json\/wp\/v2\/media?parent=7206"}],"curies":[{"name":"wp","href":"https:\/\/api.w.org\/{rel}","templated":true}]}}