{"id":8772,"date":"2017-03-08T11:54:37","date_gmt":"2017-03-08T11:54:37","guid":{"rendered":"http:\/\/baker.edge-themes.com\/?page_id=8772"},"modified":"2021-12-09T10:38:43","modified_gmt":"2021-12-09T10:38:43","slug":"leave-us-a-note","status":"publish","type":"page","link":"https:\/\/yensaosongkieu.com\/index.php\/leave-us-a-note\/","title":{"rendered":"LI\u00caN H\u1ec6"},"content":{"rendered":"<p>[vc_row css=&#8221;.vc_custom_1488975318814{padding-top: 59px !important;background-color: #f6f6f6 !important;}&#8221;][vc_column][vc_row_inner row_content_width=&#8221;grid&#8221;][vc_column_inner]<div class=\"edgtf-elements-holder edgtf-one-column edgtf-responsive-mode-768\" ><div class=\"edgtf-eh-item \"  data-item-class=\"edgtf-eh-custom-638699\" data-1280-1600=\"35px 12% 70px 3%\" data-1024-1280=\"14px 3% 70px 3%\" data-768-1024=\"33px 12% 131px 3%\" data-480-600=\"45px 0% 140px 3%\" data-480=\"45px 0% 140px 3%\">\n\t<div class=\"edgtf-eh-item-inner\">\n\t\t<div class=\"edgtf-eh-item-content edgtf-eh-custom-638699\" style=\"padding: 10px 12% 70px 3%\">\n\t\t\t<div class=\"edgtf-section-title-holder\" >\n\t\t\t\t\t<h2 class=\"edgtf-st-title\" style=\"color: #303030;font-weight: 600\">\n\t\t\t<span>LI\u00caN H\u1ec6 \u0110\u1ec2 \u0110\u01af\u1ee2C T\u01af V\u1ea4N<\/span>\n\t\t<\/h2>\n\t\t<\/div>[vc_empty_space height=&#8221;16px&#8221;]<div role=\"form\" class=\"wpcf7\" id=\"wpcf7-f8743-o1\" lang=\"en-US\" dir=\"ltr\">\n<div class=\"screen-reader-response\"><p role=\"status\" aria-live=\"polite\" aria-atomic=\"true\"><\/p> <ul><\/ul><\/div>\n<form action=\"\/index.php\/wp-json\/wp\/v2\/pages\/8772#wpcf7-f8743-o1\" method=\"post\" class=\"wpcf7-form init cf7_custom_style_3\" novalidate=\"novalidate\" data-status=\"init\">\n<div style=\"display: none;\">\n<input type=\"hidden\" name=\"_wpcf7\" value=\"8743\" \/>\n<input type=\"hidden\" name=\"_wpcf7_version\" value=\"5.5.3\" \/>\n<input type=\"hidden\" name=\"_wpcf7_locale\" value=\"en_US\" \/>\n<input type=\"hidden\" name=\"_wpcf7_unit_tag\" value=\"wpcf7-f8743-o1\" \/>\n<input type=\"hidden\" name=\"_wpcf7_container_post\" value=\"0\" \/>\n<input type=\"hidden\" name=\"_wpcf7_posted_data_hash\" value=\"\" \/>\n<\/div>\n<div class=\"edgtf-grid-row edgtf-grid-tiny-gutter clearfix\">\n<div class=\"edgtf-grid-col-6\">\n<span class=\"wpcf7-form-control-wrap your-name\"><input type=\"text\" name=\"your-name\" value=\"\" size=\"40\" class=\"wpcf7-form-control wpcf7-text wpcf7-validates-as-required\" aria-required=\"true\" aria-invalid=\"false\" placeholder=\"H\u1ecd v\u00e0 T\u00ean\" \/><\/span><br \/>\n<span class=\"wpcf7-form-control-wrap your-subject\"><input type=\"text\" name=\"your-subject\" value=\"\" size=\"40\" class=\"wpcf7-form-control wpcf7-text wpcf7-validates-as-required\" aria-required=\"true\" aria-invalid=\"false\" placeholder=\"Ti\u00eau \u0111\u1ec1\" \/><\/span><br \/>\n<span class=\"wpcf7-form-control-wrap your-email\"><input type=\"email\" name=\"your-email\" value=\"\" size=\"40\" class=\"wpcf7-form-control wpcf7-text wpcf7-email wpcf7-validates-as-required wpcf7-validates-as-email\" aria-required=\"true\" aria-invalid=\"false\" placeholder=\"\u0110\u1ecba ch\u1ec9 Email\" \/><\/span>\n<\/div>\n<div class=\"edgtf-grid-col-6\">\n<span class=\"wpcf7-form-control-wrap your-message\"><textarea name=\"your-message\" cols=\"30\" rows=\"7\" class=\"wpcf7-form-control wpcf7-textarea wpcf7-validates-as-required\" aria-required=\"true\" aria-invalid=\"false\" placeholder=\"N\u1ed9i dung\"><\/textarea><\/span>\n<\/div>\n<\/div>\n<div class=\"edgtf-wpc7-button-right\">\n<input type=\"submit\" value=\"Send Message\" class=\"wpcf7-form-control has-spinner wpcf7-submit\" \/>\n<\/div>\n<div class=\"wpcf7-response-output\" aria-hidden=\"true\"><\/div><\/form><\/div>\t\t<\/div>\n\t<\/div>\n<\/div><\/div>[vc_empty_space height=&#8221;50px&#8221;][\/vc_column_inner][\/vc_row_inner][\/vc_column][\/vc_row][vc_row][vc_column css=&#8221;.vc_custom_1488884418942{padding-top: 0px !important;}&#8221;]<div class=\"edgtf-elements-holder edgtf-four-columns edgtf-responsive-mode-1024\" ><div class=\"edgtf-eh-item edgtf-horizontal-alignment-center\" style=\"background-image: url(https:\/\/yensaosongkieu.com\/wp-content\/uploads\/2021\/02\/recipe22566-prepare-step4-636432548822288407.jpg)\" data-item-class=\"edgtf-eh-custom-424431\" data-768-1024=\"250px 0 250px 0\" data-480-600=\"181px 0 180px 0\" data-480=\"181px 0 180px 0\">\n\t<div class=\"edgtf-eh-item-inner\">\n\t\t<div class=\"edgtf-eh-item-content edgtf-eh-custom-424431\" style=\"padding: 138px 0 138px 0\">\n\t\t\t\t\t<\/div>\n\t<\/div>\n<\/div><div class=\"edgtf-eh-item edgtf-vertical-alignment-top edgtf-horizontal-alignment-center\"  data-item-class=\"edgtf-eh-custom-852705\" data-1280-1600=\"43px 0 68px 0\" data-1024-1280=\"50px 0 75px 0\" data-768-1024=\"111px 0 143px 0\" data-600-768=\"107px 0 146px 0\" data-480-600=\"58px 0 69px 0\" data-480=\"58px 0 69px 0\">\n\t<div class=\"edgtf-eh-item-inner\">\n\t\t<div class=\"edgtf-eh-item-content edgtf-eh-custom-852705\" style=\"padding: 101px 0 123px 0\">\n\t\t\t[vc_column_text]<\/p>\n<h4 style=\"text-align: center;\">GI\u1edc M\u1ede C\u1eecA<\/h4>\n<p>[\/vc_column_text]<h6 class=\"edgtf-custom-font-holder\" style=\"font-weight: 400;letter-spacing: 0px;text-align: center;color: #303030;margin: 37px 0 24px 0\" >\n\tTh\u1ee9 2 - Ch\u1ee7 Nh\u1eadt<\/h6><h6 class=\"edgtf-custom-font-holder\" style=\"font-weight: 400;letter-spacing: 0px;text-align: center;color: #303030;margin: 37px 0 24px 0\" >\n\t08:00 - 18:00 c\u00e1c ng\u00e0y<\/h6>\t\t<\/div>\n\t<\/div>\n<\/div><div class=\"edgtf-eh-item edgtf-horizontal-alignment-center\" style=\"background-image: url(https:\/\/yensaosongkieu.com\/wp-content\/uploads\/2021\/02\/yen-sao-rut-long-thuong-han_9ed49b7f96fa4fdc842137c474b39bff_31092c3d4347487fa2837a2796227f68.jpg)\" data-item-class=\"edgtf-eh-custom-815423\" data-768-1024=\"250px 0 250px 0\" data-480-600=\"174px 0 187px 0\" data-480=\"174px 0 187px 0\">\n\t<div class=\"edgtf-eh-item-inner\">\n\t\t<div class=\"edgtf-eh-item-content edgtf-eh-custom-815423\" style=\"padding: 138px 0 138px 0\">\n\t\t\t\t\t<\/div>\n\t<\/div>\n<\/div><div class=\"edgtf-eh-item edgtf-horizontal-alignment-center\" style=\"background-image: url(https:\/\/yensaosongkieu.com\/wp-content\/uploads\/2021\/02\/dscf8794_fbe7ffd771a54dca89039f0c7bca168d_grande.jpg)\" data-item-class=\"edgtf-eh-custom-507417\" data-768-1024=\"250px 0 250px 0\" data-480-600=\"174px 0 187px 0\" data-480=\"174px 0 187px 0\">\n\t<div class=\"edgtf-eh-item-inner\">\n\t\t<div class=\"edgtf-eh-item-content edgtf-eh-custom-507417\" style=\"padding: 138px 0 138px 0\">\n\t\t\t\t\t<\/div>\n\t<\/div>\n<\/div><\/div>[\/vc_column][\/vc_row][vc_row][vc_column css=&#8221;.vc_custom_1488884446063{padding-top: 0px !important;padding-bottom: 0px !important;}&#8221;]<div class=\"edgtf-elements-holder edgtf-four-columns edgtf-responsive-mode-1024\" ><div class=\"edgtf-eh-item edgtf-vertical-alignment-top edgtf-horizontal-alignment-center\"  data-item-class=\"edgtf-eh-custom-701788\" data-1280-1600=\"52px 10% 0 10%\" data-1024-1280=\"60px 10% 0 10%\" data-768-1024=\"125px 0 165px 0\" data-600-768=\"134px 0 155px 0\" data-480-600=\"57px 0 63px 0\" data-480=\"57px 0 63px 0\">\n\t<div class=\"edgtf-eh-item-inner\">\n\t\t<div class=\"edgtf-eh-item-content edgtf-eh-custom-701788\" style=\"padding: 107px 20% 0 20%\">\n\t\t\t[vc_column_text]<\/p>\n<h5 style=\"text-align: center;\">C\u00f4ng Ty CP D\u01b0\u1ee3c Li\u1ec7u Doctor Home<\/h5>\n<p>[\/vc_column_text][vc_column_text]<\/p>\n<h4 style=\"text-align: center;\">\u0110\u1ecaA CH\u1ec8<\/h4>\n<p>[\/vc_column_text]<h6 class=\"edgtf-custom-font-holder\" style=\"line-height: 30px;font-weight: 400;letter-spacing: 0px;text-align: center;color: #303030;margin: 0 0 17px 0\" data-line-height=30>\n\tH\u00e0 N\u1ed9i: T\u1ea7ng 3, T\u00f2a nh\u00e0 97-99 L\u00e1ng H\u1ea1, P. L\u00e1ng H\u1ea1, Q. \u0110\u1ed1ng \u0110a, HN<\/h6><h6 class=\"edgtf-custom-font-holder\" style=\"line-height: 30px;font-weight: 400;letter-spacing: 0px;text-align: center;color: #303030;margin: 0 0 0 0\" data-line-height=30>\n\tH\u1ed3 Ch\u00ed Minh: S\u1ed1 47-49 Tr\u01b0\u01a1ng \u0110\u1ecbnh, Ph\u01b0\u1eddng 6, Qu\u1eadn 3, Tp.HCM<\/h6>\t\t<\/div>\n\t<\/div>\n<\/div><div class=\"edgtf-eh-item edgtf-horizontal-alignment-center\"  data-item-class=\"edgtf-eh-custom-192302\" data-768-1024=\"0px 11% 0px 11%\" data-600-768=\"0px 0% 0px 0%\">\n\t<div class=\"edgtf-eh-item-inner\">\n\t\t<div class=\"edgtf-eh-item-content edgtf-eh-custom-192302\" style=\"padding: 0 0 0 0\">\n\t\t\t<div class=\"edgtf-google-map-holder\">\n\t<div class=\"edgtf-google-map\" id=\"edgtf-map-2227070\" data-addresses='[\"William Brown Street, Liverpool L3 8EN\"]' data-custom-map-style=no data-color-overlay=#393939 data-saturation=-100 data-lightness=-60 data-zoom=12 data-pin=https:\/\/yensaosongkieu.com\/wp-content\/themes\/baker\/assets\/img\/pin.png data-unique-id=2227070 data-scroll-wheel=no data-height=476px  data-height-1440=360 data-height-1280=378 data-height-768-1024=500><\/div>\n\t\t\t<div class=\"edgtf-google-map-overlay\"><\/div>\n\t<\/div>\n\t\t<\/div>\n\t<\/div>\n<\/div><div class=\"edgtf-eh-item edgtf-horizontal-alignment-center\" style=\"background-image: url(https:\/\/yensaosongkieu.com\/wp-content\/uploads\/2021\/02\/unnamed.png)\" data-item-class=\"edgtf-eh-custom-728291\" data-768-1024=\"250px 0 250px 0\" data-480-600=\"174px 0 187px 0\" data-480=\"174px 0 187px 0\">\n\t<div class=\"edgtf-eh-item-inner\">\n\t\t<div class=\"edgtf-eh-item-content edgtf-eh-custom-728291\" style=\"padding: 138px 0 138px 0\">\n\t\t\t\t\t<\/div>\n\t<\/div>\n<\/div><div class=\"edgtf-eh-item edgtf-vertical-alignment-top edgtf-horizontal-alignment-center\"  data-item-class=\"edgtf-eh-custom-787989\" data-1280-1600=\"39px 5% 0 5%\" data-1024-1280=\"28px 5% 0 5%\" data-768-1024=\"131px 20% 139px 20%\" data-600-768=\"137px 12% 132px 12%\" data-480-600=\"37px 8% 64px 8%\" data-480=\"37px 8% 64px 8%\">\n\t<div class=\"edgtf-eh-item-inner\">\n\t\t<div class=\"edgtf-eh-item-content edgtf-eh-custom-787989\" style=\"padding: 95px 16% 0 16%\">\n\t\t\t[vc_column_text]<\/p>\n<h4 style=\"text-align: center;\">Y\u1ebeN S\u00c0O SONG KI\u1ec2U CH\u00c0O \u0110\u00d3N!<\/h4>\n<p>[\/vc_column_text]<h6 class=\"edgtf-custom-font-holder\" style=\"line-height: 30px;font-weight: 400;letter-spacing: 0px;text-align: center;color: #303030;margin: 31px 0 40px 0\" data-line-height=30>\n\tH\u1ed7 tr\u1ee3 t\u01b0 v\u1ea5n 24\/7 s\u1ea3n ph\u1ea9m Y\u1ebfn s\u00e0o ph\u00f9 h\u1ee3p cho kh\u00e1ch h\u00e0ng; H\u1ed7 tr\u1ee3 t\u01b0 v\u1ea5n MI\u1ec4N PH\u00cd v\u1ec1 c\u00e1ch ch\u1ebf bi\u1ebfn y\u1ebfn, c\u00e1ch s\u1eed d\u1ee5ng, b\u1ea3o qu\u1ea3n y\u1ebfn,...<\/h6><a itemprop=\"url\" href=\"#\" target=\"_blank\" style=\"color: #333333;background-color: #ffffff;border-color: #cccccc\" class=\"edgtf-btn edgtf-btn-medium edgtf-btn-solid\"  >\n    <span class=\"edgtf-btn-text\">Xem th\u00eam<\/span>\n    <\/a>\t\t<\/div>\n\t<\/div>\n<\/div><\/div>[\/vc_column][\/vc_row]<\/p>\n","protected":false},"excerpt":{"rendered":"<p>[vc_row css=&#8221;.vc_custom_1488975318814{padding-top: 59px !important;background-color: #f6f6f6 !important;}&#8221;][vc_column][vc_row_inner row_content_width=&#8221;grid&#8221;][vc_column_inner][vc_empty_space height=&#8221;50px&#8221;][\/vc_column_inner][\/vc_row_inner][\/vc_column][\/vc_row][vc_row][vc_column css=&#8221;.vc_custom_1488884418942{padding-top: 0px !important;}&#8221;][\/vc_column][\/vc_row][vc_row][vc_column css=&#8221;.vc_custom_1488884446063{padding-top: 0px !important;padding-bottom: 0px !important;}&#8221;][\/vc_column][\/vc_row]<\/p>\n","protected":false},"author":1,"featured_media":0,"parent":0,"menu_order":0,"comment_status":"closed","ping_status":"closed","template":"full-width.php","meta":{"_mi_skip_tracking":false,"footnotes":""},"class_list":["post-8772","page","type-page","status-publish","hentry"],"_links":{"self":[{"href":"https:\/\/yensaosongkieu.com\/index.php\/wp-json\/wp\/v2\/pages\/8772","targetHints":{"allow":["GET"]}}],"collection":[{"href":"https:\/\/yensaosongkieu.com\/index.php\/wp-json\/wp\/v2\/pages"}],"about":[{"href":"https:\/\/yensaosongkieu.com\/index.php\/wp-json\/wp\/v2\/types\/page"}],"author":[{"embeddable":true,"href":"https:\/\/yensaosongkieu.com\/index.php\/wp-json\/wp\/v2\/users\/1"}],"replies":[{"embeddable":true,"href":"https:\/\/yensaosongkieu.com\/index.php\/wp-json\/wp\/v2\/comments?post=8772"}],"version-history":[{"count":20,"href":"https:\/\/yensaosongkieu.com\/index.php\/wp-json\/wp\/v2\/pages\/8772\/revisions"}],"predecessor-version":[{"id":11815,"href":"https:\/\/yensaosongkieu.com\/index.php\/wp-json\/wp\/v2\/pages\/8772\/revisions\/11815"}],"wp:attachment":[{"href":"https:\/\/yensaosongkieu.com\/index.php\/wp-json\/wp\/v2\/media?parent=8772"}],"curies":[{"name":"wp","href":"https:\/\/api.w.org\/{rel}","templated":true}]}}