{"id":1445,"date":"2016-12-26T14:13:54","date_gmt":"2016-12-26T14:13:54","guid":{"rendered":"http:\/\/onschedule.edge-themes.com\/?post_type=product&#038;p=1445"},"modified":"2026-04-18T12:46:15","modified_gmt":"2026-04-18T05:46:15","slug":"yen-to-tinh-che","status":"publish","type":"product","link":"https:\/\/yensaosongkieu.com\/index.php\/product\/yen-to-tinh-che\/","title":{"rendered":"Y\u1ebfn s\u00e0o tinh ch\u1ebf (100gr)"},"content":{"rendered":"<p>[vc_row][vc_column][vc_column_text]Y\u1ebfn t\u1ed5 tinh ch\u1ebf l\u00e0 s\u1ea3n ph\u1ea9m \u0111\u00e3 \u0111\u01b0\u1ee3c l\u00e0m s\u1ea1ch kh\u00f4ng c\u00f2n l\u00f4ng, b\u1ee5i b\u1ea9n, s\u1ea1ch ho\u00e0n to\u00e0n v\u00e0 tinh ch\u1ebf th\u00e0nh s\u1ee3i t\u1eeb y\u1ebfn t\u1ed5. S\u1ea3n ph\u1ea9m kh\u00f4ng s\u1eed d\u1ee5ng h\u01b0\u01a1ng li\u1ec7u, h\u00f3a ch\u1ea5t, v\u00e0 ch\u1ea5t b\u1ea3o qu\u1ea3n. V\u00ec v\u1eady, s\u1ea3n ph\u1ea9m lu\u00f4n gi\u1eef \u0111\u01b0\u1ee3c gi\u00e1 tr\u1ecb b\u1ed5 d\u01b0\u1ee1ng v\u1edbi h\u01b0\u01a1ng v\u1ecb \u0111\u1eb7c tr\u01b0ng t\u1ef1 nhi\u00ean c\u1ee7a t\u1ed5 y\u1ebfn. Khi s\u1eed d\u1ee5ng, kh\u00e1ch h\u00e0ng kh\u00f4ng ph\u1ea3i l\u00e0m s\u1ea1ch l\u1ea1i n\u1eefa, ch\u1ec9 ng\u00e2m n\u01b0\u1edbc cho n\u1edf ra v\u00e0 \u0111\u01b0a v\u00e0o ch\u1ebf bi\u1ebfn. T\u1ed5 y\u1ebfn c\u00f3 s\u1ee3i y\u1ebfn d\u00e0i, trong, b\u1eaft s\u00e1ng, m\u1eb7t trong c\u00f3 nh\u01b0ng s\u1ee3i ng\u1eafn v\u00e0 v\u1ee5n r\u1ea5t \u00edt.[\/vc_column_text][\/vc_column][\/vc_row]<\/p>\n<p>&nbsp;<\/p>\n","protected":false},"excerpt":{"rendered":"<p>Y\u1ebfn t\u1ed5 tinh ch\u1ebf l\u00e0 s\u1ea3n ph\u1ea9m \u0111\u00e3 \u0111\u01b0\u1ee3c l\u00e0m s\u1ea1ch kh\u00f4ng c\u00f2n l\u00f4ng, b\u1ee5i b\u1ea9n, s\u1ea1ch ho\u00e0n to\u00e0n v\u00e0 tinh ch\u1ebf th\u00e0nh s\u1ee3i t\u1eeb y\u1ebfn t\u1ed5. S\u1ea3n ph\u1ea9m kh\u00f4ng s\u1eed d\u1ee5ng h\u01b0\u01a1ng li\u1ec7u, h\u00f3a ch\u1ea5t, v\u00e0 ch\u1ea5t b\u1ea3o qu\u1ea3n. V\u00ec v\u1eady, s\u1ea3n ph\u1ea9m lu\u00f4n gi\u1eef \u0111\u01b0\u1ee3c gi\u00e1 tr\u1ecb b\u1ed5 d\u01b0\u1ee1ng v\u1edbi h\u01b0\u01a1ng v\u1ecb \u0111\u1eb7c tr\u01b0ng t\u1ef1 nhi\u00ean c\u1ee7a t\u1ed5 y\u1ebfn. Khi s\u1eed d\u1ee5ng, kh\u00e1ch h\u00e0ng kh\u00f4ng ph\u1ea3i l\u00e0m s\u1ea1ch l\u1ea1i n\u1eefa, ch\u1ec9 ng\u00e2m n\u01b0\u1edbc cho n\u1edf ra v\u00e0 \u0111\u01b0a v\u00e0o ch\u1ebf bi\u1ebfn. T\u1ed5 y\u1ebfn c\u00f3 s\u1ee3i y\u1ebfn d\u00e0i, trong, b\u1eaft s\u00e1ng, m\u1eb7t trong c\u00f3 nh\u01b0ng s\u1ee3i ng\u1eafn v\u00e0 v\u1ee5n r\u1ea5t \u00edt.<\/p>\n<ul>\n<li>Y\u1ebfn t\u1ed5 tinh ch\u1ebf th\u01b0\u1ee3ng h\u1ea1ng<\/li>\n<li>Y\u1ebfn s\u00e0o nguy\u00ean ch\u1ea5t 100%<\/li>\n<li>T\u1ed5 y\u1ebfn \u0111\u01b0\u1ee3c khai th\u00e1c t\u1eeb t\u1ed5 chim y\u1ebfn t\u1ea1i c\u00e1c v\u00f9ng bi\u1ec3n \u0111\u1ea3o nh\u01b0 Kh\u00e1nh H\u00f2a, Ph\u00fa Y\u00ean, L\u00fd S\u01a1n v\u00e0 n\u00fai r\u1eebng Gia Lai<\/li>\n<\/ul>\n","protected":false},"featured_media":12066,"comment_status":"open","ping_status":"closed","template":"","meta":{"_mi_skip_tracking":false},"product_cat":[129],"product_tag":[130,131,132],"class_list":["post-1445","product","type-product","status-publish","has-post-thumbnail","hentry","product_cat-to-yen-sao","product_tag-yen-sao-tinh-che","product_tag-yen-sao-tot-nhat","product_tag-yen-sao-uy-tin"],"_links":{"self":[{"href":"https:\/\/yensaosongkieu.com\/index.php\/wp-json\/wp\/v2\/product\/1445","targetHints":{"allow":["GET"]}}],"collection":[{"href":"https:\/\/yensaosongkieu.com\/index.php\/wp-json\/wp\/v2\/product"}],"about":[{"href":"https:\/\/yensaosongkieu.com\/index.php\/wp-json\/wp\/v2\/types\/product"}],"replies":[{"embeddable":true,"href":"https:\/\/yensaosongkieu.com\/index.php\/wp-json\/wp\/v2\/comments?post=1445"}],"wp:featuredmedia":[{"embeddable":true,"href":"https:\/\/yensaosongkieu.com\/index.php\/wp-json\/wp\/v2\/media\/12066"}],"wp:attachment":[{"href":"https:\/\/yensaosongkieu.com\/index.php\/wp-json\/wp\/v2\/media?parent=1445"}],"wp:term":[{"taxonomy":"product_cat","embeddable":true,"href":"https:\/\/yensaosongkieu.com\/index.php\/wp-json\/wp\/v2\/product_cat?post=1445"},{"taxonomy":"product_tag","embeddable":true,"href":"https:\/\/yensaosongkieu.com\/index.php\/wp-json\/wp\/v2\/product_tag?post=1445"}],"curies":[{"name":"wp","href":"https:\/\/api.w.org\/{rel}","templated":true}]}}