{"id":1463,"date":"2016-12-26T14:31:13","date_gmt":"2016-12-26T14:31:13","guid":{"rendered":"http:\/\/onschedule.edge-themes.com\/?post_type=product&#038;p=1463"},"modified":"2026-04-18T12:45:57","modified_gmt":"2026-04-18T05:45:57","slug":"spanish-bread","status":"publish","type":"product","link":"https:\/\/yensaosongkieu.com\/index.php\/product\/spanish-bread\/","title":{"rendered":"Y\u1ebfn s\u00e0o nguy\u00ean t\u1ed5 th\u00f4 lo\u1ea1i A (100gr)"},"content":{"rendered":"<p>[vc_row][vc_column][vc_column_text]T\u1ed5 Y\u1ebfn th\u00f4 cao c\u1ea5p l\u00e0 t\u1ed5 y\u1ebfn nguy\u00ean th\u1ee7y, c\u00f2n l\u00f4ng, ph\u00e2n lo\u1ea1i k\u1ef9 khi thu ho\u1ea1ch xong, c\u00f3 t\u1ed5 y\u1ebfn tr\u00f2n, \u00edt l\u00f4ng, \u0111\u1eb9p. Tuy nhi\u00ean \u0111\u1ed1i v\u1edbi t\u1ed5 y\u1ebfn th\u00f4 kh\u00e1ch h\u00e0ng mua v\u1ec1 ph\u1ea3i nh\u1eb7t l\u00f4ng \u0111\u1ec3 s\u1eed d\u1ee5ng, v\u1eabn gi\u1eef nguy\u00ean m\u00f9i v\u1ecb \u0111\u1eb7c tr\u01b0ng, gi\u1eef nguy\u00ean m\u00f9i th\u01a1m. [\/vc_column_text][\/vc_column][\/vc_row]<\/p>\n","protected":false},"excerpt":{"rendered":"<p>T\u1ed5 y\u1ebfn th\u00f4 l\u00e0 t\u1ed5 y\u1ebfn nguy\u00ean ch\u1ea5t c\u00f2n l\u00f4ng, nguy\u00ean th\u1ee7y ch\u01b0a qua l\u00e0m s\u1ea1ch, \u0111\u01b0\u1ee3c lo\u1ea1i b\u1ecf c\u00e1c ch\u1ea5t c\u1eb7n b\u1ea3 v\u00e0 c\u00f2n l\u00f4ng m\u00e0u \u0111en l\u1eabn b\u00ean trong s\u1ee3i y\u1ebfn.<\/p>\n<p>Do ch\u01b0a qua x\u1eed l\u00ed cho n\u00ean, khi mua v\u1ec1 b\u1ea1n ph\u1ea3i ng\u1ed3i \u0111\u1ec3 l\u1ea5y l\u00f4ng ra ngo\u00e0i, Khi ch\u01b0ng th\u00ec t\u1ed5 y\u1ebfn n\u1edf g\u1ea5p \u00a04 \u2013 5 l\u1ea7n, giai v\u00e0 gi\u00f2n. nhi\u1ec1u ch\u1ea5t dinh d\u01b0\u1ee1ng. s\u1ea3n ph\u1ea9m n\u00e0y ti\u1ebft ki\u1ec7m chi ph\u00ed l\u1edbn nh\u1ea5t.<\/p>\n<ul>\n<li>T\u1ed5 y\u1ebfn \u0111\u01b0\u1ee3c khai th\u00e1c t\u1eeb t\u1ed5 chim y\u1ebfn t\u1ea1i c\u00e1c v\u00f9ng bi\u1ec3n \u0111\u1ea3o nh\u01b0 Kh\u00e1nh H\u00f2a, Ph\u00fa Y\u00ean, L\u00fd S\u01a1n v\u00e0 n\u00fai r\u1eebng Gia Lai<\/li>\n<\/ul>\n","protected":false},"featured_media":12065,"comment_status":"open","ping_status":"closed","template":"","meta":{"_mi_skip_tracking":false},"product_cat":[129],"product_tag":[130,131,132],"class_list":["post-1463","product","type-product","status-publish","has-post-thumbnail","hentry","product_cat-to-yen-sao","product_tag-yen-sao-tinh-che","product_tag-yen-sao-tot-nhat","product_tag-yen-sao-uy-tin"],"_links":{"self":[{"href":"https:\/\/yensaosongkieu.com\/index.php\/wp-json\/wp\/v2\/product\/1463","targetHints":{"allow":["GET"]}}],"collection":[{"href":"https:\/\/yensaosongkieu.com\/index.php\/wp-json\/wp\/v2\/product"}],"about":[{"href":"https:\/\/yensaosongkieu.com\/index.php\/wp-json\/wp\/v2\/types\/product"}],"replies":[{"embeddable":true,"href":"https:\/\/yensaosongkieu.com\/index.php\/wp-json\/wp\/v2\/comments?post=1463"}],"wp:featuredmedia":[{"embeddable":true,"href":"https:\/\/yensaosongkieu.com\/index.php\/wp-json\/wp\/v2\/media\/12065"}],"wp:attachment":[{"href":"https:\/\/yensaosongkieu.com\/index.php\/wp-json\/wp\/v2\/media?parent=1463"}],"wp:term":[{"taxonomy":"product_cat","embeddable":true,"href":"https:\/\/yensaosongkieu.com\/index.php\/wp-json\/wp\/v2\/product_cat?post=1463"},{"taxonomy":"product_tag","embeddable":true,"href":"https:\/\/yensaosongkieu.com\/index.php\/wp-json\/wp\/v2\/product_tag?post=1463"}],"curies":[{"name":"wp","href":"https:\/\/api.w.org\/{rel}","templated":true}]}}